{"id":394,"date":"2014-06-25T14:39:50","date_gmt":"2014-06-25T14:39:50","guid":{"rendered":"http:\/\/houseofgeekz.com\/?page_id=394"},"modified":"2014-11-28T10:51:49","modified_gmt":"2014-11-28T10:51:49","slug":"teknisk-informasjon","status":"publish","type":"page","link":"https:\/\/houseofgeekz.com\/?page_id=394","title":{"rendered":"Teknisk Informasjon"},"content":{"rendered":"<p>Litt diverse info kommer om det tekniske ved &#8220;The House&#8221;. \ud83d\ude42<\/p>\n<p>Step in to our office :<\/p>\n<p><a href=\"http:\/\/houseofgeekz.com\/wp-content\/uploads\/2014\/11\/10801698_10154892219290694_7293788538374888398_n.jpg\"><img loading=\"lazy\" decoding=\"async\" class=\"alignnone size-medium wp-image-3160\" src=\"http:\/\/houseofgeekz.com\/wp-content\/uploads\/2014\/11\/10801698_10154892219290694_7293788538374888398_n-300x225.jpg\" alt=\"Office\" width=\"300\" height=\"225\" srcset=\"https:\/\/houseofgeekz.com\/wp-content\/uploads\/2014\/11\/10801698_10154892219290694_7293788538374888398_n-300x225.jpg 300w, https:\/\/houseofgeekz.com\/wp-content\/uploads\/2014\/11\/10801698_10154892219290694_7293788538374888398_n-768x576.jpg 768w, https:\/\/houseofgeekz.com\/wp-content\/uploads\/2014\/11\/10801698_10154892219290694_7293788538374888398_n.jpg 960w\" sizes=\"auto, (max-width: 300px) 100vw, 300px\" \/><\/a><\/p>\n<p><a href=\"http:\/\/www.speedtest.net\/my-result\/a\/936120919\">Tr\u00e5dl\u00f8st nett <\/a>m\u00e5lt fra sengen.<\/p>\n","protected":false},"excerpt":{"rendered":"<p>Litt diverse info kommer om det tekniske ved &#8220;The House&#8221;. \ud83d\ude42 Step in to our office : Tr\u00e5dl\u00f8st nett m\u00e5lt fra sengen.<\/p>\n","protected":false},"author":1,"featured_media":0,"parent":2,"menu_order":0,"comment_status":"closed","ping_status":"closed","template":"","meta":{"footnotes":""},"class_list":["post-394","page","type-page","status-publish","hentry"],"_links":{"self":[{"href":"https:\/\/houseofgeekz.com\/index.php?rest_route=\/wp\/v2\/pages\/394","targetHints":{"allow":["GET"]}}],"collection":[{"href":"https:\/\/houseofgeekz.com\/index.php?rest_route=\/wp\/v2\/pages"}],"about":[{"href":"https:\/\/houseofgeekz.com\/index.php?rest_route=\/wp\/v2\/types\/page"}],"author":[{"embeddable":true,"href":"https:\/\/houseofgeekz.com\/index.php?rest_route=\/wp\/v2\/users\/1"}],"replies":[{"embeddable":true,"href":"https:\/\/houseofgeekz.com\/index.php?rest_route=%2Fwp%2Fv2%2Fcomments&post=394"}],"version-history":[{"count":4,"href":"https:\/\/houseofgeekz.com\/index.php?rest_route=\/wp\/v2\/pages\/394\/revisions"}],"predecessor-version":[{"id":3161,"href":"https:\/\/houseofgeekz.com\/index.php?rest_route=\/wp\/v2\/pages\/394\/revisions\/3161"}],"up":[{"embeddable":true,"href":"https:\/\/houseofgeekz.com\/index.php?rest_route=\/wp\/v2\/pages\/2"}],"wp:attachment":[{"href":"https:\/\/houseofgeekz.com\/index.php?rest_route=%2Fwp%2Fv2%2Fmedia&parent=394"}],"curies":[{"name":"wp","href":"https:\/\/api.w.org\/{rel}","templated":true}]}}